{"id":372,"date":"2026-05-07T19:30:35","date_gmt":"2026-05-07T19:30:35","guid":{"rendered":"https:\/\/veyride.fr\/?page_id=372"},"modified":"2026-05-10T19:33:26","modified_gmt":"2026-05-10T19:33:26","slug":"annulation-de-la-veynite","status":"publish","type":"page","link":"https:\/\/veyride.fr\/index.php\/annulation-de-la-veynite\/","title":{"rendered":"Annulation de la manifestation"},"content":{"rendered":"\n<p>Le 10\/05\/2026 : A trois semaines de la manifestation, seulement 4 personnes sont inscrites et donc c&rsquo;est avec un grand regret que nous avons d\u00e9cid\u00e9 de l&rsquo;annuler.<\/p>\n\n\n\n<p>En effet, les randos font appel \u00e0 un grand nombre de b\u00e9n\u00e9voles, \u00e0 un groupe de musique, \u00e0 des producteurs locaux pour les ravitaillements et il \u00e9tait n\u00e9cessaire de pr\u00e9venir tout le monde suffisamment en avance.<\/p>\n\n\n\n<p>Vous vouliez participer et \u00eates d\u00e9\u00e7us ? Prenez 2 minutes pour nous aider \u00e0 organiser une prochaine date : <strong> <a href=\"https:\/\/forms.gle\/2wUHngRvokr6Wk7aA\" data-type=\"link\" data-id=\"https:\/\/forms.gle\/2wUHngRvokr6Wk7aA\" target=\"_blank\" rel=\"noreferrer noopener\">Cliquez ici, <\/a> merci ! <\/strong><\/p>\n\n\n\n<p>Merci de votre compr\u00e9hension. <\/p>\n\n\n\n<p>L&rsquo;\u00e9quipe organisatrice<\/p>\n","protected":false},"excerpt":{"rendered":"<p>Le 10\/05\/2026 : A trois semaines de la manifestation, seulement 4 personnes sont inscrites et donc c&rsquo;est avec un grand regret que nous avons d\u00e9cid\u00e9 de l&rsquo;annuler. En effet, les&#8230;<\/p>\n","protected":false},"author":1,"featured_media":0,"parent":0,"menu_order":0,"comment_status":"closed","ping_status":"closed","template":"","meta":{"_kadence_starter_templates_imported_post":false,"_kad_post_transparent":"","_kad_post_title":"","_kad_post_layout":"","_kad_post_sidebar_id":"","_kad_post_content_style":"","_kad_post_vertical_padding":"","_kad_post_feature":"","_kad_post_feature_position":"","_kad_post_header":false,"_kad_post_footer":false,"_kad_post_classname":"","footnotes":""},"class_list":["post-372","page","type-page","status-publish","hentry"],"_links":{"self":[{"href":"https:\/\/veyride.fr\/index.php\/wp-json\/wp\/v2\/pages\/372","targetHints":{"allow":["GET"]}}],"collection":[{"href":"https:\/\/veyride.fr\/index.php\/wp-json\/wp\/v2\/pages"}],"about":[{"href":"https:\/\/veyride.fr\/index.php\/wp-json\/wp\/v2\/types\/page"}],"author":[{"embeddable":true,"href":"https:\/\/veyride.fr\/index.php\/wp-json\/wp\/v2\/users\/1"}],"replies":[{"embeddable":true,"href":"https:\/\/veyride.fr\/index.php\/wp-json\/wp\/v2\/comments?post=372"}],"version-history":[{"count":6,"href":"https:\/\/veyride.fr\/index.php\/wp-json\/wp\/v2\/pages\/372\/revisions"}],"predecessor-version":[{"id":388,"href":"https:\/\/veyride.fr\/index.php\/wp-json\/wp\/v2\/pages\/372\/revisions\/388"}],"wp:attachment":[{"href":"https:\/\/veyride.fr\/index.php\/wp-json\/wp\/v2\/media?parent=372"}],"curies":[{"name":"wp","href":"https:\/\/api.w.org\/{rel}","templated":true}]}}