{"id":23,"date":"2025-12-15T17:08:11","date_gmt":"2025-12-15T17:08:11","guid":{"rendered":"http:\/\/veyride.fr\/?page_id=23"},"modified":"2026-04-26T05:36:17","modified_gmt":"2026-04-26T05:36:17","slug":"reglement","status":"publish","type":"page","link":"https:\/\/veyride.fr\/index.php\/reglement\/","title":{"rendered":"R\u00e8glement"},"content":{"rendered":"\n<p class=\"has-text-align-center\"><strong>Ev\u00e8nement VTT et Gravel La Vey\u2019Ride<\/strong><\/p>\n\n\n\n<p class=\"has-text-align-center\"><strong>R\u00e8glement de l\u2019\u00e9preuve<\/strong><\/p>\n\n\n\n<p class=\"has-text-align-center\"><strong>L\u2019inscription en ligne ou sur place sous-entend l\u2019approbation du r\u00e8glement ci-contre.<\/strong><br><strong>Le fait de s\u2019inscrire \u00e0 l\u2019\u00e9v\u00e8nement <u>La Veyride<\/u> implique l\u2019acceptation pure et simple du pr\u00e9sent r\u00e8glement dans son int\u00e9gralit\u00e9, quelque soit le format de course choisi.<\/strong><\/p>\n\n\n\n<p><strong>1.&nbsp;&nbsp;&nbsp;&nbsp;&nbsp;&nbsp;PARTICIPATION<\/strong><\/p>\n\n\n\n<p>L\u2019\u00e9preuve est ouverte \u00e0 toutes et \u00e0 tous, licenci\u00e9s ou non, sous r\u00e9serve d\u2019une autorisation parentale pour les mineurs.<\/p>\n\n\n\n<p>L\u2019organisation d\u00e9cline toute responsabilit\u00e9 en cas d\u2019accident mat\u00e9riel ou corporel pouvant survenir aux concurrents et des suites \u00e9ventuelles qui pourraient en d\u00e9couler, en cas de dommages caus\u00e9s par un participant \u00e0 un autre participant ou \u00e0 un tiers.<\/p>\n\n\n\n<p>L\u2019organisation d\u00e9cline toute responsabilit\u00e9 en cas de vol ou de d\u00e9gradation survenu avant, pendant et apr\u00e8s l\u2019\u00e9preuve. Chaque coureur est enti\u00e8rement responsable de l\u2019ensemble du mat\u00e9riel qu\u2019il est susceptible d\u2019apporter pour les besoins de l\u2019\u00e9preuve.<\/p>\n\n\n\n<p>Pour participer, il est indispensable :<\/p>\n\n\n\n<ul class=\"wp-block-list\">\n<li>d\u2019\u00eatre pleinement conscient de la longueur et de la difficult\u00e9 de l\u2019\u00e9preuve et d\u2019\u00eatre parfaitement entra\u00een\u00e9 pour cela ;<\/li>\n\n\n\n<li>d\u2019avoir acquis, pr\u00e9alablement \u00e0 l\u2019\u00e9preuve, une r\u00e9elle capacit\u00e9 d\u2019autonomie personnelle en montagne permettant de g\u00e9rer les probl\u00e8mes induits par ce type d\u2019\u00e9preuve, et d\u2019\u00eatre pleinement conscient que le r\u00f4le de l\u2019organisation n\u2019est pas d\u2019aider un coureur \u00e0 g\u00e9rer ses probl\u00e8mes, et que pour une telle activit\u00e9 en montagne la s\u00e9curit\u00e9 d\u00e9pend de la capacit\u00e9 des participants \u00e0 s\u2019adapter aux probl\u00e8mes rencontr\u00e9s ou pr\u00e9visibles ;<\/li>\n\n\n\n<li>de savoir affronter sans aide ext\u00e9rieure des conditions climatiques pouvant \u00eatre difficiles du fait de l\u2019altitude (nuit, vent, froid, brouillard, pluie, gr\u00eale ;<\/li>\n\n\n\n<li>de savoir g\u00e9rer, y compris en \u00e9tant isol\u00e9, les probl\u00e8mes physiques ou mentaux d\u00e9coulant d\u2019une grande fatigue, les probl\u00e8mes digestifs, les douleurs musculaires ou articulaires, les petites blessures ..<\/li>\n<\/ul>\n\n\n\n<p><strong>VAE \u2013 VTTAE (v\u00e9los \u00e0 assistance \u00e9lectrique)<\/strong><\/p>\n\n\n\n<p>Les VTTAE homologu\u00e9s sont&nbsp;<strong>autoris\u00e9s<\/strong>&nbsp;sur toutes les randonn\u00e9es. Il revient aux concurrents de s\u2019assurer que leur VTTAE est bien homologu\u00e9. Le changement de batterie est autoris\u00e9 sur les parcours.<\/p>\n\n\n\n<p><strong>2.&nbsp;&nbsp;&nbsp;&nbsp;&nbsp;&nbsp;ENGAGEMENTS \/ INSCRIPTIONS<\/strong><\/p>\n\n\n\n<p>Les inscriptions pour la nocturne s\u2019effectuent exclusivement en ligne et sont cl\u00f4tur\u00e9es le Mercredi soir. Le r\u00e8glement se fait uniquement par carte bancaire.<\/p>\n\n\n\n<p>Les inscriptions pour les randonn\u00e9es du Dimanche s\u2019effectuent en ligne jusqu\u2019au Vendredi soir . Le r\u00e8glement se fait uniquement par carte bancaire. Une inscription major\u00e9e de 5\u20ac peut \u00eatre effectu\u00e9e le jour m\u00eame.<\/p>\n\n\n\n<p>L\u2019inscription ne sera enregistr\u00e9e qu\u2019une fois compl\u00e8te et pay\u00e9e. Chaque concurrent s\u2019inscrit sur l\u2019un des parcours adapt\u00e9s \u00e0 son niveau.<\/p>\n\n\n\n<p>Toute inscription incompl\u00e8te, notamment en cas de document(s) non fourni(s) ou non conforme(s), ne sera pas valid\u00e9e par L\u2019office Municipal des Sports. Cette non-validation ne pourra donner droit au remboursement de l\u2019inscription.<\/p>\n\n\n\n<p>L\u2019office Municipal des Sports s\u2019engage \u00e0 rembourser les participants sous pr\u00e9sentation d\u2019un certificat m\u00e9dical de non-autorisation \u00e0 la pratique du vtt \u00e0 la suite d\u2019une blessure jusqu\u2019au 30 avril de l\u2019ann\u00e9e. Pass\u00e9 cette date sous r\u00e9serve de certificat m\u00e9dical, nous vous proposerons de prendre le d\u00e9part sur l\u2019\u00e9dition de l\u2019ann\u00e9e suivante.<\/p>\n\n\n\n<p>Le nombre de concurrents admis \u00e0 participer \u00e0 l\u2019\u00e9preuve est d\u00e9termin\u00e9 chaque ann\u00e9e par L\u2019office Municipal des Sports.<\/p>\n\n\n\n<figure class=\"wp-block-image size-large\"><img loading=\"lazy\" decoding=\"async\" width=\"774\" height=\"1024\" src=\"https:\/\/veyride.fr\/wp-content\/uploads\/2026\/04\/image-774x1024.png\" alt=\"\" class=\"wp-image-363\" srcset=\"https:\/\/veyride.fr\/wp-content\/uploads\/2026\/04\/image-774x1024.png 774w, https:\/\/veyride.fr\/wp-content\/uploads\/2026\/04\/image-227x300.png 227w, https:\/\/veyride.fr\/wp-content\/uploads\/2026\/04\/image-768x1017.png 768w, https:\/\/veyride.fr\/wp-content\/uploads\/2026\/04\/image.png 791w\" sizes=\"auto, (max-width: 774px) 100vw, 774px\" \/><\/figure>\n\n\n\n<p><strong><br>3.&nbsp;&nbsp;&nbsp;&nbsp;&nbsp;&nbsp;PLAQUES DE CADRE<\/strong><\/p>\n\n\n\n<p>Seuls les porteurs d\u2019une plaque de cadre officielle pourront participer \u00e0 l\u2019\u00e9preuve. Chaque plaque est remise individuellement \u00e0 chaque concurrent.<\/p>\n\n\n\n<p>Les plaques peuvent \u00eatre retir\u00e9es au plan d\u2019eau de Veynes&nbsp;: Voir les d\u00e9tails des horaires selon chaque randonn\u00e9e.<\/p>\n\n\n\n<p>Pour une inscription le jour m\u00eame&nbsp;: l\u2019original de l\u2019autorisation parentale pour les mineurs doit \u00e9galement \u00eatre remise \u00e0 l\u2019organisation.<\/p>\n\n\n\n<p><strong>4.&nbsp;&nbsp;&nbsp;&nbsp;&nbsp; DEPART<\/strong><\/p>\n\n\n\n<p>Les horaires des diff\u00e9rents d\u00e9parts \u2013 qui se font en peloton group\u00e9 \u2013 sont communiqu\u00e9s sur le site officiel de l\u2019\u00e9v\u00e9nement.<\/p>\n\n\n\n<p><strong>5.&nbsp;&nbsp;&nbsp;&nbsp;&nbsp;&nbsp;PARCOURS<\/strong><\/p>\n\n\n\n<p>La Vey\u2019Ride est une \u00e9preuve de VTT de montagne. Les mont\u00e9es sont longues et les descentes sont relativement techniques et peu rapides. La pr\u00e9sentation des \u00e9preuves tient compte du fait que chaque concurrent s\u2019inscrit en connaissance de cause et en s\u2019assurant d\u2019avoir le niveau technique et l\u2019autonomie n\u00e9cessaires.<\/p>\n\n\n\n<p>Votre condition physique vous permettra de le terminer dans de bonnes conditions. Vous avez d\u00e9j\u00e0 effectu\u00e9 des sorties en montagne et votre bagage technique est suffisant pour affronter des mont\u00e9es et descentes techniques sur des chemins mono trace qui peuvent \u00eatre parfois \u201ca\u00e9riens\u201c.<\/p>\n\n\n\n<p>Les parcours Gravel empruntent uniquement des routes foresti\u00e8res et des routes bitum\u00e9es. Ils ne demandent aucun niveau technique particulier et sont une magnifique alternative aux parcours VTT.<\/p>\n\n\n\n<p>Le parcours se d\u00e9roule majoritairement au-dessus de 1000m. En altitude, les conditions climatiques peuvent \u00eatre difficiles (vent, froid, pluie voire neige), n\u00e9cessitant un \u00e9quipement adapt\u00e9 et une r\u00e9elle capacit\u00e9 d\u2019autonomie personnelle. Malgr\u00e9 les points de ravitaillements et de s\u00e9curit\u00e9, vous devez vous consid\u00e9rer sur une \u00e9preuve en autosuffisance.<\/p>\n\n\n\n<p>Les diff\u00e9rents parcours sont d\u00e9crits sur le site internet officiel de l\u2019\u00e9v\u00e9nement<\/p>\n\n\n\n<p><strong>Des mises \u00e0 jour auront \u00e9ventuellement lieu jusqu\u2019au jour de la manifestation. Les traces d\u00e9finitives seront consultables sur le site.<\/strong><\/p>\n\n\n\n<p>Un balisage sera effectu\u00e9 par fl\u00e9chages, fanions et rubalises. Seuls les dangers importants, tels que barres rocheuses ou rochers situ\u00e9s dans l\u2019axe des trajectoires habituelles, pourront \u00eatre balis\u00e9s ou signal\u00e9s. Ce balisage ne pourra \u00eatre ni int\u00e9gral, ni exhaustif.<\/p>\n\n\n\n<p>L\u2019itin\u00e9raire suivi est sous la responsabilit\u00e9 de chacun. Les concurrents sont inform\u00e9s des risques d\u2019accidents graves inh\u00e9rents aux courses de montagne. L\u2019organisation ne peut en aucun cas \u00eatre tenue responsable en cas de chute entra\u00eenant des blessures corporelles avec ou sans interruption de travail.<\/p>\n\n\n\n<p>Des points de ravitaillements sont pr\u00e9vus en nombre suffisant. Les concurrents doivent cependant se consid\u00e9rer en semi-autosuffisance et g\u00e9rer leur hydratation et leur alimentation.<\/p>\n\n\n\n<p>Une assistance ext\u00e9rieure est tol\u00e9r\u00e9e mais uniquement aux points de ravitaillement, \u00e0 la condition de ne pas g\u00eaner les ravitaillements officiels et de stationner les voitures en s\u00e9curit\u00e9, sans entraver le passage des autres automobilistes et des concurrents.<\/p>\n\n\n\n<p><strong>6.&nbsp;&nbsp;&nbsp;&nbsp;&nbsp;&nbsp;ETHIQUE<\/strong><\/p>\n\n\n\n<p>Les concurrents doivent respecter les espaces travers\u00e9s, et ce d\u2019autant plus que les parcours se situent en partie en zones Natura 2000 ou encore sur des parcelles priv\u00e9es avec un accord des propri\u00e9taires uniquement pour le weekend de l\u2019\u00e9v\u00e9nement.<\/p>\n\n\n\n<ul class=\"wp-block-list\">\n<li>Ne rien jeter au sol<\/li>\n\n\n\n<li>Ne pas sortir des singles et des pistes<\/li>\n\n\n\n<li>Respecter les autres usagers de ces m\u00eames espaces : randonneurs, agriculteurs et \u00e9leveurs, autres v\u00e9t\u00e9tistes\u2026<\/li>\n<\/ul>\n\n\n\n<p><strong>&nbsp;7.&nbsp;&nbsp;&nbsp;&nbsp;&nbsp;&nbsp;S\u00c9CURIT\u00c9<\/strong><\/p>\n\n\n\n<p>Le participant s\u2019engage \u00e0 n\u2019emprunter que le parcours balis\u00e9. Chaque concurrent doit respecter le code de la route sur les portions ouvertes \u00e0 la circulation, il ne sera en aucun cas prioritaire sur un v\u00e9hicule.<\/p>\n\n\n\n<p>Les secours sont organis\u00e9s et mis en place sous la responsabilit\u00e9 du Comit\u00e9 de S\u00e9curit\u00e9 Course conform\u00e9ment \u00e0 la r\u00e9glementation en vigueur.<\/p>\n\n\n\n<p>Chaque coureur est tenu de porter assistance en cas d\u2019accident d\u2019un tiers participant en attendant l\u2019intervention des secours organis\u00e9s.<\/p>\n\n\n\n<p>N\u2019oubliez pas que des al\u00e9as de toute sorte, li\u00e9s \u00e0 l\u2019environnement et \u00e0 la course, peuvent vous faire attendre les secours plus longtemps que pr\u00e9vu. Votre s\u00e9curit\u00e9 d\u00e9pendra alors de la qualit\u00e9 de ce que vous avez mis dans votre sac.<\/p>\n\n\n\n<p><strong>Mat\u00e9riel individuel :<\/strong>&nbsp;Vous \u00eates montagne : vous devez donc pouvoir vous prot\u00e9ger aussi bien des grosses chaleurs que du froid, mais aussi de la pluie. Il est important, en particulier, de ne pas choisir les v\u00eatements les plus l\u00e9gers possibles afin de gagner quelques grammes, mais de choisir des v\u00eatements qui permettront r\u00e9ellement une bonne protection en montagne contre le froid, le vent et la pluie, et donc une meilleure s\u00e9curit\u00e9 et de meilleures performances. Vous \u00eates consid\u00e9r\u00e9s en semi-autonomie, ne pas oublier r\u00e9serves alimentaires et boissons.<\/p>\n\n\n\n<p><strong>Mat\u00e9riel obligatoire :<\/strong><\/p>\n\n\n\n<ul class=\"wp-block-list\">\n<li>Casque homologu\u00e9, \u00e0 porter avec la jugulaire attach\u00e9e<\/li>\n\n\n\n<li>T\u00e9l\u00e9phone portable (mettre dans son r\u00e9pertoire les n\u00b0 s\u00e9curit\u00e9 de l\u2019organisation, garder son t\u00e9l\u00e9phone allum\u00e9, ne pas masquer son num\u00e9ro et ne pas oublier de partir avec une batterie charg\u00e9e)<\/li>\n\n\n\n<li>N\u00e9cessaire de r\u00e9paration<\/li>\n\n\n\n<li>R\u00e9serve d\u2019eau<\/li>\n\n\n\n<li>R\u00e9serve alimentaire<\/li>\n<\/ul>\n\n\n\n<p>Vous portez ce mat\u00e9riel sur vous ou vous le transportez dans un sac qui doit \u00eatre marqu\u00e9 lors de la remise des dossards (plaques) et non \u00e9changeable sur le parcours.<\/p>\n\n\n\n<p>En cas de blessure et s\u2019il est impossible de joindre le PC course, le participant peut appeler directement les organismes de secours (plus particuli\u00e8rement s\u2019il se trouve dans une zone \u00ab urgences seulement \u00bb). Il convient alors de composer le 112.<\/p>\n\n\n\n<p><strong>Mat\u00e9riel recommand\u00e9 :<\/strong><\/p>\n\n\n\n<ul class=\"wp-block-list\">\n<li>1 GPS permettant de t\u00e9l\u00e9charger la trace du parcours (attention \u00e0 l\u2019autonomie suivant le type d\u2019\u00e9preuve choisie)<\/li>\n\n\n\n<li>Des gants<\/li>\n<\/ul>\n\n\n\n<p><strong>ATTENTION<\/strong>&nbsp;: Hors des barri\u00e8res horaires, les participants sont consid\u00e9r\u00e9s comme hors organisation mais doivent rentrer par leurs propres moyens et en autonomie jusqu\u2019\u00e0 Veynes. L\u2019organisation ne prend pas en charge les rapatriements.<\/p>\n\n\n\n<p>Ces barri\u00e8res horaires sont calcul\u00e9es pour permettre aux participants de rallier l\u2019arriv\u00e9e dans le temps maximum impos\u00e9, tout en effectuant d\u2019\u00e9ventuels arr\u00eats. Pour \u00eatre autoris\u00e9s \u00e0 poursuivre l\u2019\u00e9preuve, les concurrents doivent repartir du poste de contr\u00f4le avant l\u2019heure limite fix\u00e9e (quelle que soit l\u2019heure d\u2019arriv\u00e9e au poste de contr\u00f4le).<\/p>\n\n\n\n<p>En cas de mauvaises conditions m\u00e9t\u00e9orologiques et\/ou pour des raisons de s\u00e9curit\u00e9, l\u2019organisation se r\u00e9serve le droit de modifier le parcours et\/ou les barri\u00e8res horaires.<\/p>\n\n\n\n<p><strong>Abandon :<\/strong>&nbsp;Sauf blessure, un coureur ne doit pas abandonner ailleurs que sur un point de contr\u00f4le. Il doit alors pr\u00e9venir le responsable de poste, qui invalide d\u00e9finitivement sa plaque de cadre.<\/p>\n\n\n\n<p><strong>Accident \u2013 h\u00e9liportage :<\/strong>&nbsp;en cas d\u2019accident corporel n\u00e9cessitant une \u00e9vacuation h\u00e9liport\u00e9e, le mat\u00e9riel individuel ne pourra pas \u00eatre pris en charge par les secouristes. Dans la mesure du possible, les secouristes au sol ou les b\u00e9n\u00e9voles du secteur se chargeront de ce mat\u00e9riel.<\/p>\n\n\n\n<p><strong>13.&nbsp;ASSURANCES<\/strong><\/p>\n\n\n\n<p>Responsabilit\u00e9 civile : l\u2019organisation souscrit une assurance responsabilit\u00e9 civile pour la dur\u00e9e de l\u2019\u00e9preuve.<\/p>\n\n\n\n<p>Individuelle accident : chaque concurrent doit \u00eatre en possession d\u2019une assurance individuelle accident couvrant d\u2019\u00e9ventuels frais de recherche. Une telle assurance peut \u00eatre souscrite aupr\u00e8s de tout organisme au choix du concurrent.<\/p>\n\n\n\n<p>Les frais r\u00e9sultants de l\u2019emploi de moyens de secours ou d\u2019\u00e9vacuations exceptionnels seront support\u00e9s par la personne secourue qui devra \u00e9galement assurer son retour de l\u2019endroit o\u00f9 elle aura \u00e9t\u00e9 \u00e9vacu\u00e9e. Il est du seul ressort du coureur de constituer et pr\u00e9senter un dossier \u00e0 son assurance personnelle dans le d\u00e9lai imparti.<\/p>\n\n\n\n<p><strong>14.&nbsp;ANNULATION<\/strong><\/p>\n\n\n\n<p>L\u2019office Municipal des Sports se r\u00e9serve le droit de modifier le pr\u00e9sent r\u00e8glement et de reporter ou d\u2019annuler l\u2019\u00e9preuve, notamment en cas de mauvaises conditions m\u00e9t\u00e9orologiques. Des parcours de replis pourront \u00eatre propos\u00e9s si les conditions m\u00e9t\u00e9orologiques ne permettent pas de maintenir les parcours pr\u00e9vus.<\/p>\n\n\n\n<p><strong>15.&nbsp;ARRET DE L\u2019EPREUVE<\/strong><\/p>\n\n\n\n<p>L\u2019office Municipal des Sports se r\u00e9serve le droit d\u2019arr\u00eater d\u00e9finitivement l\u2019\u00e9preuve en cas de force majeure ou pour des raisons qui lui seraient impos\u00e9es par les autorit\u00e9s de tutelle.<\/p>\n\n\n\n<p><strong>16.&nbsp;REMBOURSEMENT<\/strong><\/p>\n\n\n\n<p>Si l\u2019\u00e9preuve ne peut avoir lieu pour l\u2019une des raisons indiqu\u00e9es ci-dessus, ou en cas de force majeure, L\u2019office Municipal des Sports devra d\u00e9cider soit de son report, soit de son annulation. En aucun cas le prix des engagements ne sera rembours\u00e9. De m\u00eame, aucune indemnit\u00e9 de quelque nature que ce soit ne pourra \u00eatre demand\u00e9e, quel qu\u2019en soit le fondement juridique.<\/p>\n\n\n\n<p><strong>&nbsp;17.&nbsp;DROITS A L\u2019IMAGE<\/strong><\/p>\n\n\n\n<p>Tout concurrent qui prend part \u00e0 une des \u00e9preuves autorise express\u00e9ment les organisateurs de l\u2019\u00e9v\u00e9nement ainsi que leurs ayants droits tels que partenaires et m\u00e9dias \u00e0 utiliser les images fixes ou audiovisuelles sur lesquelles il pourrait appara\u00eetre, prises \u00e0 l\u2019occasion de sa participation \u00e0 l\u2019\u00e9v\u00e9nement, sur tous supports, y compris les documents promotionnels et\/ou publicitaires, dans le monde entier et pour la dur\u00e9e la plus longue pr\u00e9vue par la loi, les r\u00e8glements, les trait\u00e9s en vigueur, y compris pour les prolongations \u00e9ventuelles qui pourraient \u00eatre apport\u00e9es \u00e0 cette dur\u00e9e.<\/p>\n\n\n\n<p>Les professionnels m\u00e9dias, photographes, cameramen, pilote de drone doivent obtenir leur accr\u00e9ditation aupr\u00e8s du comit\u00e9 d\u2019organisation, d\u00e9tentrice de l\u2019exploitation de tous les droits commerciaux inh\u00e9rents.<\/p>\n\n\n\n<p>Toute communication sur l\u2019\u00e9v\u00e9nement ou utilisation d\u2019images de l\u2019\u00e9v\u00e9nement devra se faire dans le respect du nom de l\u2019\u00e9v\u00e9nement, des marques d\u00e9pos\u00e9es et avec l\u2019accord officiel de l\u2019organisation.<\/p>\n\n\n\n<p><strong>18.&nbsp;CONTESTATIONS<\/strong><\/p>\n\n\n\n<p>Toute contestation dirig\u00e9e contre L\u2019office Municipal des Sports, ou relative \u00e0 l\u2019application du pr\u00e9sent r\u00e8glement, sera port\u00e9e devant les juridictions fran\u00e7aises comp\u00e9tentes. Le pr\u00e9sent r\u00e8glement, de m\u00eame que les engagements, sont express\u00e9ment soumis au droit fran\u00e7ais, quels que soient la nationalit\u00e9 des participants et le lieu de souscription des engagements. La version fran\u00e7aise du pr\u00e9sent r\u00e8glement faisant foi.<\/p>\n\n\n\n<p><strong>19.&nbsp;SURVOL de DRONES<\/strong><\/p>\n\n\n\n<p>Tout concurrent qui prend part \u00e0 une des \u00e9preuves de la Rando La Vey\u2019ride autorise express\u00e9ment les organisateurs de l\u2019\u00e9v\u00e9nement ainsi que leurs prestataires \u00e0 les survoler \u00e0 l\u2019aide de drone et ce m\u00eame \u00e0 des distances inf\u00e9rieures \u00e0 30 m. Tout concurrent reconna\u00eet \u00eatre inform\u00e9 et conscient des risques encourus.<\/p>\n\n\n\n<p><strong>20.MODIFICATION<\/strong>&nbsp;<strong>REGLEMENT<\/strong><\/p>\n\n\n\n<p>Le pr\u00e9sent r\u00e8glement pourra \u00eatre modifi\u00e9 \u00e0 tous moments par L\u2019office Municipal des Sports. Chaque participant inscrit recevra par mail l\u2019information de(s) modification(s). Les modifications prendront effet d\u00e8s l\u2019envoi du mail. Aucune opposition ne pourra \u00eatre faite.<\/p>\n\n\n\n<p><strong>21.ORGANISATION<\/strong><\/p>\n\n\n\n<p>La Rando La Vey\u2019Ride est organis\u00e9e par l\u2019Office Municipal des Sports de Veynes, en partenariat avec les services de la commune de Veynes, de la communaut\u00e9 de communes du Bu\u00ebch D\u00e9voluy et un important nombre de b\u00e9n\u00e9voles du territoire.<\/p>\n\n\n\n<p>R\u00e8glement en date du&nbsp;27\/01\/2026.<\/p>\n","protected":false},"excerpt":{"rendered":"<p>Ev\u00e8nement VTT et Gravel La Vey\u2019Ride R\u00e8glement de l\u2019\u00e9preuve L\u2019inscription en ligne ou sur place sous-entend l\u2019approbation du r\u00e8glement ci-contre.Le fait de s\u2019inscrire \u00e0 l\u2019\u00e9v\u00e8nement La Veyride implique l\u2019acceptation pure&#8230;<\/p>\n","protected":false},"author":1,"featured_media":0,"parent":0,"menu_order":0,"comment_status":"closed","ping_status":"closed","template":"","meta":{"_kadence_starter_templates_imported_post":false,"_kad_post_transparent":"","_kad_post_title":"","_kad_post_layout":"default","_kad_post_sidebar_id":"","_kad_post_content_style":"","_kad_post_vertical_padding":"","_kad_post_feature":"","_kad_post_feature_position":"","_kad_post_header":false,"_kad_post_footer":false,"_kad_post_classname":"","footnotes":""},"class_list":["post-23","page","type-page","status-publish","hentry"],"_links":{"self":[{"href":"https:\/\/veyride.fr\/index.php\/wp-json\/wp\/v2\/pages\/23","targetHints":{"allow":["GET"]}}],"collection":[{"href":"https:\/\/veyride.fr\/index.php\/wp-json\/wp\/v2\/pages"}],"about":[{"href":"https:\/\/veyride.fr\/index.php\/wp-json\/wp\/v2\/types\/page"}],"author":[{"embeddable":true,"href":"https:\/\/veyride.fr\/index.php\/wp-json\/wp\/v2\/users\/1"}],"replies":[{"embeddable":true,"href":"https:\/\/veyride.fr\/index.php\/wp-json\/wp\/v2\/comments?post=23"}],"version-history":[{"count":5,"href":"https:\/\/veyride.fr\/index.php\/wp-json\/wp\/v2\/pages\/23\/revisions"}],"predecessor-version":[{"id":364,"href":"https:\/\/veyride.fr\/index.php\/wp-json\/wp\/v2\/pages\/23\/revisions\/364"}],"wp:attachment":[{"href":"https:\/\/veyride.fr\/index.php\/wp-json\/wp\/v2\/media?parent=23"}],"curies":[{"name":"wp","href":"https:\/\/api.w.org\/{rel}","templated":true}]}}